{"id":15,"date":"2018-06-06T10:20:37","date_gmt":"2018-06-06T09:20:37","guid":{"rendered":"http:\/\/teypa-ingenieria.com\/?page_id=15"},"modified":"2018-06-08T10:55:17","modified_gmt":"2018-06-08T09:55:17","slug":"servicios","status":"publish","type":"page","link":"https:\/\/teypa-ingenieria.com\/?page_id=15","title":{"rendered":"SERVICIOS"},"content":{"rendered":"<p><em>T\u00c9CNICA Y PAISAJE INGENIER\u00cdA, S.L. (TEYPA)<\/em> est\u00e1 especializada en la redacci\u00f3n y desarrollo de proyectos de ingenier\u00eda civil y edificaci\u00f3n, la direcci\u00f3n de obra y la coordinaci\u00f3n de seguridad y salud.<\/p>\n<p>Las principales \u00e1reas de actividad son:<\/p>\n<table class=\"aligncenter\" style=\"width: 100%; border-collapse: collapse; border-style: none;\" border=\"0\">\n<tbody>\n<tr>\n<td style=\"width: 57.5064%;\"><strong>Carreteras<\/strong><\/p>\n<ul>\n<li>Estudios informativos<\/li>\n<li>Proyectos de construcci\u00f3n<\/li>\n<li>Proyectos de ensanche<\/li>\n<li>Proyectos de renovaci\u00f3n de pavimentos<\/li>\n<\/ul>\n<p><strong>Estructuras<\/strong><\/p>\n<ul>\n<li>Puentes y pasarelas<\/li>\n<li>Estructuras de contenci\u00f3n<\/li>\n<li>Estructuras de edificaci\u00f3n<\/li>\n<li>Estructuras singulares<\/li>\n<\/ul>\n<p><strong>Ingenier\u00eda Sanitaria<\/strong><\/p>\n<ul>\n<li>Abastecimiento<\/li>\n<li>Saneamiento<\/li>\n<li>Depuraci\u00f3n<\/li>\n<\/ul>\n<p><strong>Aprovechamientos\u00a0Hidroel\u00e9ctricos <\/strong><\/p>\n<p><strong>Urbanizaciones<\/strong><\/td>\n<td style=\"width: 103.183%;\"><strong>Tr\u00e1fico y movilidad<\/strong><\/p>\n<ul>\n<li>Movilidad sostenible, carriles bici y zonas 30<\/li>\n<li>Estudios de accesos e intersecciones<\/li>\n<li>Seguridad Vial<\/li>\n<\/ul>\n<p><strong>Edificaci\u00f3n<\/strong><\/p>\n<ul>\n<li>Naves industriales<\/li>\n<li>Obra nueva<\/li>\n<li>Rehabilitaci\u00f3n<\/li>\n<li>Informes de evaluaci\u00f3n de edificios<\/li>\n<li>Certificados de eficiencia energ\u00e9tica<\/li>\n<\/ul>\n<p><strong>Coordinaciones de seguridad y salud<\/strong><\/p>\n<p><strong>Informes y peritaciones<\/strong><\/p>\n<p><strong>Delineaci\u00f3n 2D y representaci\u00f3n 3D<\/strong><\/td>\n<\/tr>\n<\/tbody>\n<\/table>\n","protected":false},"excerpt":{"rendered":"<p>T\u00c9CNICA Y PAISAJE INGENIER\u00cdA, S.L. (TEYPA) est\u00e1 especializada en la redacci\u00f3n y desarrollo de proyectos de ingenier\u00eda civil y edificaci\u00f3n, la direcci\u00f3n de obra y la coordinaci\u00f3n de seguridad y salud. Las principales \u00e1reas de actividad son: Carreteras Estudios informativos Proyectos de construcci\u00f3n Proyectos de ensanche Proyectos de renovaci\u00f3n de pavimentos Estructuras Puentes y pasarelas &hellip; <\/p>\n<p class=\"link-more\"><a href=\"https:\/\/teypa-ingenieria.com\/?page_id=15\" class=\"more-link\">Continuar leyendo<span class=\"screen-reader-text\"> \u00abSERVICIOS\u00bb<\/span><\/a><\/p>\n","protected":false},"author":1,"featured_media":0,"parent":0,"menu_order":0,"comment_status":"closed","ping_status":"closed","template":"","meta":{"footnotes":""},"_links":{"self":[{"href":"https:\/\/teypa-ingenieria.com\/index.php?rest_route=\/wp\/v2\/pages\/15"}],"collection":[{"href":"https:\/\/teypa-ingenieria.com\/index.php?rest_route=\/wp\/v2\/pages"}],"about":[{"href":"https:\/\/teypa-ingenieria.com\/index.php?rest_route=\/wp\/v2\/types\/page"}],"author":[{"embeddable":true,"href":"https:\/\/teypa-ingenieria.com\/index.php?rest_route=\/wp\/v2\/users\/1"}],"replies":[{"embeddable":true,"href":"https:\/\/teypa-ingenieria.com\/index.php?rest_route=%2Fwp%2Fv2%2Fcomments&post=15"}],"version-history":[{"count":37,"href":"https:\/\/teypa-ingenieria.com\/index.php?rest_route=\/wp\/v2\/pages\/15\/revisions"}],"predecessor-version":[{"id":427,"href":"https:\/\/teypa-ingenieria.com\/index.php?rest_route=\/wp\/v2\/pages\/15\/revisions\/427"}],"wp:attachment":[{"href":"https:\/\/teypa-ingenieria.com\/index.php?rest_route=%2Fwp%2Fv2%2Fmedia&parent=15"}],"curies":[{"name":"wp","href":"https:\/\/api.w.org\/{rel}","templated":true}]}}