{"id":17,"date":"2018-06-06T10:20:49","date_gmt":"2018-06-06T09:20:49","guid":{"rendered":"http:\/\/teypa-ingenieria.com\/?page_id=17"},"modified":"2018-06-08T08:17:25","modified_gmt":"2018-06-08T07:17:25","slug":"proyectos","status":"publish","type":"page","link":"https:\/\/teypa-ingenieria.com\/?page_id=17","title":{"rendered":"PROYECTOS"},"content":{"rendered":"<p><strong style=\"font-size: 1rem;\">CARRETERAS:<\/strong><\/p>\n<div id=\"contenedor\">\n<ul>\n<li>Mejora de pavimento en la Carretera AS-253 Caba\u00f1aquinta \u2013 Puerto de San Isidro, y colocaci\u00f3n de escollera en el P.K. 5+600.<\/li>\n<li>Proyecto de reparaci\u00f3n de hundimientos en la Carretera AS-231 Pe\u00f1amiel \u2013 Pola de Lena, por Riosa, en los PP.KK. 9+700, 9+900, 14+440 y 14+500.<\/li>\n<li>Proyecto de renovaci\u00f3n de pavimento y v\u00eda peatonal en la Carretera LL-3, Lugo de Llanera \u2013 Pol\u00edgono de Silvota, tramo Lugo de Llanera \u2013 Glorieta de enlace con la Carretera AS-II.<\/li>\n<li>Proyecto de reparaci\u00f3n de hundimientos en la Carretera AS-337, Sotrondio \u2013 Figaredo, en los PP.KK. 4+000, 7+700, 8+200, 11+940 y 13+600.<\/li>\n<li>Proyecto de reparaci\u00f3n de hundimientos en la Carretera AS-354, San Esteban de las Cruces \u2013 Frieres, en los PP.KK. 3+080, 3+300, 5+800 y 6+400.<\/li>\n<li>Proyecto de renovaci\u00f3n de pavimento de la Carretera AS-251, Barredos \u2013 Nava. Tramo P.K. 0+000 al P.K. 16+550.<\/li>\n<li>Proyecto de reparaci\u00f3n de la carretera AS-17, Avil\u00e9s \u2013 Ria\u00f1o. Tramo P.K. 19+960 P.K. 22+910.<\/li>\n<li>Proyecto de reparaci\u00f3n de la carretera AS-17a, Coru\u00f1o &#8211; Silvota.<\/li>\n<li>Proyecto de reparaci\u00f3n de la carretera AS-14, Grandas de Salime \u2013 Puente del Infierno. Tramo P.K. 32+250 \u2013 Pola de Allande.<\/li>\n<li>Proyecto de reparaci\u00f3n de varios tramos de la carretera AS-114, Cangas de On\u00eds \u2013 Panes.<\/li>\n<li>Proyecto de reparaci\u00f3n de varios tramos de la carretera VV-5, El Gobernador \u2013 El Puntal (T.M. de Villaviciosa).<\/li>\n<li>Proyecto de mejora de varios caminos en Villar\u00edn, Fase II, Oviedo.<\/li>\n<li>Proyecto de renovaci\u00f3n de pavimento de la Carretera AS-357, Nava \u2013 Alto de la Campa, Tramo P.K. 0+000 al P.K. 4+300 (Nava).<\/li>\n<li>Proyecto de mejora de la seguridad vial y renovaci\u00f3n de pavimento de la carretera AS-15, Cornellana \u2013 Puerto de Cerredo. Tramo comprendido entre los PP.KK. 34+200 y 57+500.<\/li>\n<li>Proyecto de ensanche y pavimentaci\u00f3n de caminos con acceso a viviendas en la Parroquia de Cabue\u00f1es, Gij\u00f3n.<\/li>\n<\/ul>\n<p><strong>ESTRUCTURAS:<\/strong><\/p>\n<ul>\n<li>Proyecto de construcci\u00f3n de nuevo puente en el r\u00edo Cubia a su paso por Villanueva, Grado, Asturias.<\/li>\n<li>Proyecto de nuevo puente de la Riera, en Trubia.<\/li>\n<li>Estudio de viabilidad del nuevo puente sobre el r\u00edo Valdeb\u00e1rcena, en Valbucar, Villaviciosa.<\/li>\n<li>Anteproyecto de pasarelas en el campo de f\u00fatbol Carlos Tartiere, en Oviedo.<\/li>\n<li>Proyecto de mejora de la accesibilidad a la pasarela sobre las v\u00edas de FEVE en Trubia.<\/li>\n<\/ul>\n<p><strong>URBANIZACIONES:<\/strong><\/p>\n<ul>\n<li>Proyecto de demolici\u00f3n y urbanizaci\u00f3n del viario expropiado en el expediente municipal 1188-14001 (Parcela 93 Pol\u00edgono 17 Colloto).<\/li>\n<li>Proyecto de vial de distribuci\u00f3n en el pol\u00edgono de Entrago.<\/li>\n<li>Proyecto de mejora de urbanizaci\u00f3n y acceso al aparcamiento de Las Ursulinas desde la Calle Fern\u00e1ndez de Oviedo, Oviedo.<\/li>\n<li>Proyecto de reforma de interiores en Calle R\u00edo Eo, Gij\u00f3n.<\/li>\n<li>Ordenaci\u00f3n del tr\u00e1fico y mejoras de urbanizaci\u00f3n en el barrio de Costa Verde, Oviedo.<\/li>\n<li>Proyecto de obras de reparaci\u00f3n de deficiencias de la urbanizaci\u00f3n del \u00e1rea de planeamiento remitido APR E-3, Avil\u00e9s.<\/li>\n<li>Proyecto de acondicionamiento del aparcamiento del Sabl\u00f3n, Llanes.<\/li>\n<li>Informe de modificaci\u00f3n del Pla General de Villaviciosa, con objeto de la transformaci\u00f3n del suelo urbano de uso global industrial por equipamiento comercial.<\/li>\n<\/ul>\n<p><strong>MOVILIDAD SOSTENIBLE Y TR\u00c1FICO:<\/strong><\/p>\n<ul>\n<li>Proyecto de movilidad sostenible en bicicleta en el \u00e1mbito de la zona afecta por el Programa Urban, Oviedo.<\/li>\n<li>Proyecto de construcci\u00f3n de carril bici desde la confluencia entre la Avenida del Llano con Calle R\u00edo Nal\u00f3n hasta la Calle Antonio Machado, Gij\u00f3n.<\/li>\n<li>Estudio de viabilidad de mejoras en la intersecci\u00f3n Plaza Castilla, Oviedo.<\/li>\n<li>Proyecto de ejecuci\u00f3n de un itinerario ciclista y peatonal en la antigua AS-332, entre el cruce con la C\/ Santa Clara y el Tanatorio, Villaviciosa.<\/li>\n<li>Estudio de la intersecci\u00f3n sita en el P.K. 8+880 de la Carretera AS-110, Cand\u00e1s-Tabaza.<\/li>\n<\/ul>\n<p><strong>INGENIER\u00cdA SANITARIA:<\/strong><\/p>\n<ul>\n<li>Proyecto de renovaci\u00f3n del saneamiento de la calle Pidal, desde la estaci\u00f3n de autobuses a Correos, Llanes.<\/li>\n<li>Proyecto de acondicionamiento de parcela de edificio de sondeo \u201dPra\u201d fuera de servicio en Pilo\u00f1eta, Nava.<\/li>\n<li>Asistencia t\u00e9cnica dentro del plan de renovaci\u00f3n de red de abastecimiento en varias calles de Gij\u00f3n.<\/li>\n<li>Proyecto de reparaci\u00f3n de colector a fosa s\u00e9ptica tras el Campo de F\u00fatbol de Quintueles, Villaviciosa.<\/li>\n<li>Proyecto de actualizaci\u00f3n del de saneamiento de Fechaladrona y Conexi\u00f3n al colector interceptor del r\u00edo Villoria (Laviana).<\/li>\n<\/ul>\n<p><strong>APROVECHAMIENTOS HIDROEL\u00c9CTRICOS:<\/strong><\/p>\n<ul>\n<li>Anteproyecto de aprovechamiento hidroel\u00e9ctrico en el R\u00edo Pachachaca, Abancay, Per\u00fa\u201d.<\/li>\n<li>Proyecto de aprovechamiento hidroel\u00e9ctrico en el R\u00edo Blanco, Valdivia, Chile.<\/li>\n<li>Proyecto de aprovechamiento hidroel\u00e9ctrico en el R\u00edo Enco, Valdivia, Chile.<\/li>\n<li>Estudio de viabilidad de aprovechamiento hidroel\u00e9ctrico en el R\u00edo Pichi Ri\u00f1inahue, Valdivia, Chile.<\/li>\n<li>Estudio de viabilidad de aprovechamiento hidroel\u00e9ctrico en el R\u00edo Panga, Valdivia, Chile.<\/li>\n<\/ul>\n<p><strong>EDIFICACI\u00d3N:<\/strong><\/p>\n<ul>\n<li>Nave taller en el pol\u00edgono industrial de Entrago.<\/li>\n<li>Nave industrial con uso sin definir en Teverga.<\/li>\n<\/ul>\n<p><strong>VARIOS:<\/strong><\/p>\n<ul>\n<li>Redacci\u00f3n de proyecto t\u00e9cnico completo para la ejecuci\u00f3n de tres nuevas pistas de esqu\u00ed en la Estaci\u00f3n Invernal y de Monta\u00f1a Valgrande \u2013 Pajares.<\/li>\n<\/ul>\n<\/div>\n<p>&nbsp;<\/p>\n<p>&nbsp;<\/p>\n","protected":false},"excerpt":{"rendered":"<p>CARRETERAS: Mejora de pavimento en la Carretera AS-253 Caba\u00f1aquinta \u2013 Puerto de San Isidro, y colocaci\u00f3n de escollera en el P.K. 5+600. Proyecto de reparaci\u00f3n de hundimientos en la Carretera AS-231 Pe\u00f1amiel \u2013 Pola de Lena, por Riosa, en los PP.KK. 9+700, 9+900, 14+440 y 14+500. Proyecto de renovaci\u00f3n de pavimento y v\u00eda peatonal en &hellip; <\/p>\n<p class=\"link-more\"><a href=\"https:\/\/teypa-ingenieria.com\/?page_id=17\" class=\"more-link\">Continuar leyendo<span class=\"screen-reader-text\"> \u00abPROYECTOS\u00bb<\/span><\/a><\/p>\n","protected":false},"author":1,"featured_media":0,"parent":0,"menu_order":0,"comment_status":"closed","ping_status":"closed","template":"","meta":{"footnotes":""},"_links":{"self":[{"href":"https:\/\/teypa-ingenieria.com\/index.php?rest_route=\/wp\/v2\/pages\/17"}],"collection":[{"href":"https:\/\/teypa-ingenieria.com\/index.php?rest_route=\/wp\/v2\/pages"}],"about":[{"href":"https:\/\/teypa-ingenieria.com\/index.php?rest_route=\/wp\/v2\/types\/page"}],"author":[{"embeddable":true,"href":"https:\/\/teypa-ingenieria.com\/index.php?rest_route=\/wp\/v2\/users\/1"}],"replies":[{"embeddable":true,"href":"https:\/\/teypa-ingenieria.com\/index.php?rest_route=%2Fwp%2Fv2%2Fcomments&post=17"}],"version-history":[{"count":4,"href":"https:\/\/teypa-ingenieria.com\/index.php?rest_route=\/wp\/v2\/pages\/17\/revisions"}],"predecessor-version":[{"id":126,"href":"https:\/\/teypa-ingenieria.com\/index.php?rest_route=\/wp\/v2\/pages\/17\/revisions\/126"}],"wp:attachment":[{"href":"https:\/\/teypa-ingenieria.com\/index.php?rest_route=%2Fwp%2Fv2%2Fmedia&parent=17"}],"curies":[{"name":"wp","href":"https:\/\/api.w.org\/{rel}","templated":true}]}}