{"id":8,"date":"2018-06-05T11:42:58","date_gmt":"2018-06-05T10:42:58","guid":{"rendered":"http:\/\/teypa-ingenieria.com\/?page_id=8"},"modified":"2018-06-08T11:32:16","modified_gmt":"2018-06-08T10:32:16","slug":"pagina1","status":"publish","type":"page","link":"https:\/\/teypa-ingenieria.com\/","title":{"rendered":"INICIO"},"content":{"rendered":"<p><span style=\"font-size: 1rem;\"><em>T\u00c9CNICA Y PAISAJE INGENIER\u00cdA, S.L. (TEYPA)<\/em> es una empresa de ingenier\u00eda cuyo \u00e1mbito de actuaci\u00f3n se centra en la obra civil y la edificaci\u00f3n.<\/span><\/p>\n<p>Nuestros principios se basan en una adecuada aplicaci\u00f3n de la t\u00e9cnica, para dar respuesta a las distintas necesidades, seg\u00fan criterios funcionales, ambientales y est\u00e9ticos.<\/p>\n<p>Orientada tanto hacia el cliente p\u00fablico, como privado, su pol\u00edtica de actuaci\u00f3n consiste en una gesti\u00f3n directa y din\u00e1mica, para ofrecer el mejor resultado final en los trabajos.<\/p>\n<p>&nbsp;<\/p>\n<p><a href=\"https:\/\/teypa-ingenieria.com\/wp-content\/uploads\/2018\/06\/LOGO-TEYPA-BN.tif\"><img decoding=\"async\" class=\"alignnone size-full wp-image-276\" src=\"https:\/\/teypa-ingenieria.com\/wp-content\/uploads\/2018\/06\/LOGO-TEYPA-BN.tif\" alt=\"\" \/><\/a><img loading=\"lazy\" decoding=\"async\" class=\"aligncenter wp-image-277 size-medium\" src=\"https:\/\/teypa-ingenieria.com\/wp-content\/uploads\/2018\/06\/LOGO-TEYPA-BN-jpg-300x175.jpg\" alt=\"\" width=\"300\" height=\"175\" srcset=\"https:\/\/teypa-ingenieria.com\/wp-content\/uploads\/2018\/06\/LOGO-TEYPA-BN-jpg-300x175.jpg 300w, https:\/\/teypa-ingenieria.com\/wp-content\/uploads\/2018\/06\/LOGO-TEYPA-BN-jpg-768x447.jpg 768w, https:\/\/teypa-ingenieria.com\/wp-content\/uploads\/2018\/06\/LOGO-TEYPA-BN-jpg-1024x596.jpg 1024w\" sizes=\"(max-width: 300px) 100vw, 300px\" \/><\/p>\n","protected":false},"excerpt":{"rendered":"<p>T\u00c9CNICA Y PAISAJE INGENIER\u00cdA, S.L. (TEYPA) es una empresa de ingenier\u00eda cuyo \u00e1mbito de actuaci\u00f3n se centra en la obra civil y la edificaci\u00f3n. Nuestros principios se basan en una adecuada aplicaci\u00f3n de la t\u00e9cnica, para dar respuesta a las distintas necesidades, seg\u00fan criterios funcionales, ambientales y est\u00e9ticos. Orientada tanto hacia el cliente p\u00fablico, como &hellip; <\/p>\n<p class=\"link-more\"><a href=\"https:\/\/teypa-ingenieria.com\/\" class=\"more-link\">Continuar leyendo<span class=\"screen-reader-text\"> \u00abINICIO\u00bb<\/span><\/a><\/p>\n","protected":false},"author":1,"featured_media":0,"parent":0,"menu_order":0,"comment_status":"closed","ping_status":"closed","template":"","meta":{"footnotes":""},"_links":{"self":[{"href":"https:\/\/teypa-ingenieria.com\/index.php?rest_route=\/wp\/v2\/pages\/8"}],"collection":[{"href":"https:\/\/teypa-ingenieria.com\/index.php?rest_route=\/wp\/v2\/pages"}],"about":[{"href":"https:\/\/teypa-ingenieria.com\/index.php?rest_route=\/wp\/v2\/types\/page"}],"author":[{"embeddable":true,"href":"https:\/\/teypa-ingenieria.com\/index.php?rest_route=\/wp\/v2\/users\/1"}],"replies":[{"embeddable":true,"href":"https:\/\/teypa-ingenieria.com\/index.php?rest_route=%2Fwp%2Fv2%2Fcomments&post=8"}],"version-history":[{"count":24,"href":"https:\/\/teypa-ingenieria.com\/index.php?rest_route=\/wp\/v2\/pages\/8\/revisions"}],"predecessor-version":[{"id":114,"href":"https:\/\/teypa-ingenieria.com\/index.php?rest_route=\/wp\/v2\/pages\/8\/revisions\/114"}],"wp:attachment":[{"href":"https:\/\/teypa-ingenieria.com\/index.php?rest_route=%2Fwp%2Fv2%2Fmedia&parent=8"}],"curies":[{"name":"wp","href":"https:\/\/api.w.org\/{rel}","templated":true}]}}